{"id":4708,"date":"2025-08-20T09:11:04","date_gmt":"2025-08-20T09:11:04","guid":{"rendered":"https:\/\/www.sep.lv\/?page_id=4708"},"modified":"2025-08-20T09:20:59","modified_gmt":"2025-08-20T09:20:59","slug":"certyfikaty","status":"publish","type":"page","link":"https:\/\/www.sep.lv\/pl\/certyfikaty\/","title":{"rendered":"Certyfikaty"},"content":{"rendered":"<div data-elementor-type=\"wp-page\" data-elementor-id=\"4708\" class=\"elementor elementor-4708\" data-elementor-post-type=\"page\">\n\t\t\t\t<div class=\"elementor-element elementor-element-d79e9ec e-con-full e-flex e-con e-parent\" data-id=\"d79e9ec\" data-element_type=\"container\">\n\t\t\t\t<div class=\"elementor-element elementor-element-00648da elementor-widget elementor-widget-template\" data-id=\"00648da\" data-element_type=\"widget\" data-widget_type=\"template.default\">\n\t\t\t\t<div class=\"elementor-widget-container\">\n\t\t\t\t\t\t\t<div class=\"elementor-template\">\n\t\t\t\t\t<div data-elementor-type=\"container\" data-elementor-id=\"4718\" class=\"elementor elementor-4718\" data-elementor-post-type=\"elementor_library\">\n\t\t\t\t<div class=\"elementor-element elementor-element-1e520a3e e-flex e-con-boxed e-con e-parent\" data-id=\"1e520a3e\" data-element_type=\"container\" data-settings=\"{&quot;background_background&quot;:&quot;classic&quot;,&quot;shape_divider_bottom&quot;:&quot;triangle-asymmetrical&quot;}\">\n\t\t\t\t\t<div class=\"e-con-inner\">\n\t\t\t\t<div class=\"elementor-shape elementor-shape-bottom\" aria-hidden=\"true\" data-negative=\"false\">\n\t\t\t<svg xmlns=\"http:\/\/www.w3.org\/2000\/svg\" viewbox=\"0 0 1000 100\" preserveaspectratio=\"none\">\n\t<path class=\"elementor-shape-fill\" d=\"M738,99l262-93V0H0v5.6L738,99z\"\/>\n<\/svg>\t\t<\/div>\n\t\t\t\t<div class=\"elementor-element elementor-element-19a1fde2 elementor-widget-divider--view-line elementor-widget elementor-widget-divider\" data-id=\"19a1fde2\" data-element_type=\"widget\" data-widget_type=\"divider.default\">\n\t\t\t\t\t\t\t<div class=\"elementor-divider\">\n\t\t\t<span class=\"elementor-divider-separator\">\n\t\t\t\t\t\t<\/span>\n\t\t<\/div>\n\t\t\t\t\t\t<\/div>\n\t\t\t\t\t<\/div>\n\t\t\t\t<\/div>\n\t\t\t\t<\/div>\n\t\t\t\t<\/div>\n\t\t\t\t\t\t<\/div>\n\t\t\t\t<\/div>\n\t\t\t\t<\/div>\n\t\t<div class=\"elementor-element elementor-element-51a6613 e-flex e-con-boxed e-con e-parent\" data-id=\"51a6613\" data-element_type=\"container\" data-settings=\"{&quot;background_background&quot;:&quot;classic&quot;}\">\n\t\t\t\t\t<div class=\"e-con-inner\">\n\t\t<div class=\"elementor-element elementor-element-62c38b6 e-con-full e-flex e-con e-child\" data-id=\"62c38b6\" data-element_type=\"container\">\n\t\t\t\t<div class=\"elementor-element elementor-element-bb1b176 elementor-widget elementor-widget-html\" data-id=\"bb1b176\" data-element_type=\"widget\" data-widget_type=\"html.default\">\n\t\t\t\t\t<div class=\"container\">\r\n  <img decoding=\"async\" src=\"https:\/\/www.sep.lv\/wp-content\/uploads\/2023\/12\/sep-siltumelektroprojekts-buvinzenieri-sertifikati-projektesana-buvnieciba.png\" alt=\"\u015anieg\" style=\"width:100%;\">\r\n  <div class=\"bottom-left\"><\/div>\r\n \r\n<\/div>\t\t\t\t<\/div>\n\t\t\t\t<\/div>\n\t\t<div class=\"elementor-element elementor-element-d86642e e-con-full e-flex e-con e-child\" data-id=\"d86642e\" data-element_type=\"container\">\n\t\t\t\t<div class=\"elementor-element elementor-element-bd5d5e6 elementor-widget__width-auto elementor-widget elementor-widget-heading\" data-id=\"bd5d5e6\" data-element_type=\"widget\" data-widget_type=\"heading.default\">\n\t\t\t\t\t<h2 class=\"elementor-heading-title elementor-size-default\">Jako\u015b\u0107 projektu<\/h2>\t\t\t\t<\/div>\n\t\t\t\t<div class=\"elementor-element elementor-element-0688ecc elementor-widget__width-auto elementor-widget elementor-widget-heading\" data-id=\"0688ecc\" data-element_type=\"widget\" data-widget_type=\"heading.default\">\n\t\t\t\t\t<h3 class=\"elementor-heading-title elementor-size-default\">Certyfikaty jako\u015bci<\/h3>\t\t\t\t<\/div>\n\t\t\t\t<div class=\"elementor-element elementor-element-ba51d80 elementor-widget-divider--view-line elementor-widget elementor-widget-divider\" data-id=\"ba51d80\" data-element_type=\"widget\" data-widget_type=\"divider.default\">\n\t\t\t\t\t\t\t<div class=\"elementor-divider\">\n\t\t\t<span class=\"elementor-divider-separator\">\n\t\t\t\t\t\t<\/span>\n\t\t<\/div>\n\t\t\t\t\t\t<\/div>\n\t\t\t\t<div class=\"elementor-element elementor-element-6a8885a elementor-widget elementor-widget-text-editor\" data-id=\"6a8885a\" data-element_type=\"widget\" data-widget_type=\"text-editor.default\">\n\t\t\t\t\t\t\t\t\t<p>SEP od kilku lat z rz\u0119du uzyskuje uznawane na ca\u0142ym \u015bwiecie certyfikaty potwierdzaj\u0105ce standard jako\u015bci zintegrowanego systemu zarz\u0105dzania.<\/p><p>ISO 9001:2015 \u2013 potwierdza zdolno\u015b\u0107 biura do zapewnienia wysokiej jako\u015bci projektowania i realizacji projekt\u00f3w, zgodnie z mi\u0119dzynarodowymi standardami zarz\u0105dzania jako\u015bci\u0105.<\/p><p>ISO 14001:2015 \u2013 potwierdza zaanga\u017cowanie i zdolno\u015b\u0107 przedsi\u0119biorstwa do efektywnego zarz\u0105dzania kwestiami ochrony \u015brodowiska, przestrzegania norm mi\u0119dzynarodowych oraz podejmowania dzia\u0142a\u0144 na rzecz ochrony \u015brodowiska i zr\u00f3wnowa\u017conego funkcjonowania.<\/p><p>ISO 45001:2018 \u2013 certyfikat potwierdzaj\u0105cy, \u017ce biuro zapewnia swoim pracownikom uznane na ca\u0142ym \u015bwiecie standardy bezpiecze\u0144stwa i higieny pracy.<\/p>\t\t\t\t\t\t\t\t<\/div>\n\t\t\t\t<\/div>\n\t\t\t\t\t<\/div>\n\t\t\t\t<\/div>\n\t\t\t\t<\/div>","protected":false},"excerpt":{"rendered":"<p>Jako\u015b\u0107 projektowania Certyfikaty jako\u015bci SEP od kilku lat z rz\u0119du uzyskuje uznawane na ca\u0142ym \u015bwiecie certyfikaty potwierdzaj\u0105ce standardy jako\u015bci zintegrowanego systemu zarz\u0105dzania. ISO 9001:2015 \u2013 potwierdza zdolno\u015b\u0107 biura do zapewnienia wysokiej jako\u015bci projektowania i realizacji projekt\u00f3w, zgodnie z mi\u0119dzynarodowymi standardami zarz\u0105dzania jako\u015bci\u0105. ISO 14001:2015 \u2013 potwierdza zaanga\u017cowanie i zdolno\u015b\u0107 firmy do efektywnego zarz\u0105dzania kwestiami \u015brodowiskowymi, zgodnie z mi\u0119dzynarodowymi normami i [\u2026]<\/p>","protected":false},"author":1,"featured_media":4633,"parent":0,"menu_order":0,"comment_status":"closed","ping_status":"closed","template":"","meta":{"_acf_changed":false,"footnotes":""},"class_list":["post-4708","page","type-page","status-publish","has-post-thumbnail","hentry"],"acf":[],"_links":{"self":[{"href":"https:\/\/www.sep.lv\/pl\/wp-json\/wp\/v2\/pages\/4708","targetHints":{"allow":["GET"]}}],"collection":[{"href":"https:\/\/www.sep.lv\/pl\/wp-json\/wp\/v2\/pages"}],"about":[{"href":"https:\/\/www.sep.lv\/pl\/wp-json\/wp\/v2\/types\/page"}],"author":[{"embeddable":true,"href":"https:\/\/www.sep.lv\/pl\/wp-json\/wp\/v2\/users\/1"}],"replies":[{"embeddable":true,"href":"https:\/\/www.sep.lv\/pl\/wp-json\/wp\/v2\/comments?post=4708"}],"version-history":[{"count":0,"href":"https:\/\/www.sep.lv\/pl\/wp-json\/wp\/v2\/pages\/4708\/revisions"}],"wp:featuredmedia":[{"embeddable":true,"href":"https:\/\/www.sep.lv\/pl\/wp-json\/wp\/v2\/media\/4633"}],"wp:attachment":[{"href":"https:\/\/www.sep.lv\/pl\/wp-json\/wp\/v2\/media?parent=4708"}],"curies":[{"name":"wp","href":"https:\/\/api.w.org\/{rel}","templated":true}]}}