{"id":4716,"date":"2025-08-20T09:14:47","date_gmt":"2025-08-20T09:14:47","guid":{"rendered":"https:\/\/www.sep.lv\/?page_id=4716"},"modified":"2025-08-20T09:46:25","modified_gmt":"2025-08-20T09:46:25","slug":"okolo-wrzesnia","status":"publish","type":"page","link":"https:\/\/www.sep.lv\/pl\/okolo-wrzesnia\/","title":{"rendered":"O SEP"},"content":{"rendered":"<div data-elementor-type=\"wp-page\" data-elementor-id=\"4716\" class=\"elementor elementor-4716\" data-elementor-post-type=\"page\">\n\t\t\t\t<div class=\"elementor-element elementor-element-d956865 e-con-full e-flex e-con e-parent\" data-id=\"d956865\" data-element_type=\"container\">\n\t\t\t\t<div class=\"elementor-element elementor-element-0617719 elementor-widget elementor-widget-template\" data-id=\"0617719\" data-element_type=\"widget\" data-widget_type=\"template.default\">\n\t\t\t\t<div class=\"elementor-widget-container\">\n\t\t\t\t\t\t\t<div class=\"elementor-template\">\n\t\t\t\t\t<div data-elementor-type=\"container\" data-elementor-id=\"4718\" class=\"elementor elementor-4718\" data-elementor-post-type=\"elementor_library\">\n\t\t\t\t<div class=\"elementor-element elementor-element-1e520a3e e-flex e-con-boxed e-con e-parent\" data-id=\"1e520a3e\" data-element_type=\"container\" data-settings=\"{&quot;background_background&quot;:&quot;classic&quot;,&quot;shape_divider_bottom&quot;:&quot;triangle-asymmetrical&quot;}\">\n\t\t\t\t\t<div class=\"e-con-inner\">\n\t\t\t\t<div class=\"elementor-shape elementor-shape-bottom\" aria-hidden=\"true\" data-negative=\"false\">\n\t\t\t<svg xmlns=\"http:\/\/www.w3.org\/2000\/svg\" viewbox=\"0 0 1000 100\" preserveaspectratio=\"none\">\n\t<path class=\"elementor-shape-fill\" d=\"M738,99l262-93V0H0v5.6L738,99z\"\/>\n<\/svg>\t\t<\/div>\n\t\t\t\t<div class=\"elementor-element elementor-element-19a1fde2 elementor-widget-divider--view-line elementor-widget elementor-widget-divider\" data-id=\"19a1fde2\" data-element_type=\"widget\" data-widget_type=\"divider.default\">\n\t\t\t\t\t\t\t<div class=\"elementor-divider\">\n\t\t\t<span class=\"elementor-divider-separator\">\n\t\t\t\t\t\t<\/span>\n\t\t<\/div>\n\t\t\t\t\t\t<\/div>\n\t\t\t\t\t<\/div>\n\t\t\t\t<\/div>\n\t\t\t\t<\/div>\n\t\t\t\t<\/div>\n\t\t\t\t\t\t<\/div>\n\t\t\t\t<\/div>\n\t\t\t\t<\/div>\n\t\t<div class=\"elementor-element elementor-element-bcfaf00 e-flex e-con-boxed e-con e-parent\" data-id=\"bcfaf00\" data-element_type=\"container\" data-settings=\"{&quot;background_background&quot;:&quot;classic&quot;}\">\n\t\t\t\t\t<div class=\"e-con-inner\">\n\t\t<div class=\"elementor-element elementor-element-ac2aefd e-con-full e-flex e-con e-child\" data-id=\"ac2aefd\" data-element_type=\"container\">\n\t\t\t\t<div class=\"elementor-element elementor-element-4b95dcf elementor-widget-divider--view-line elementor-widget elementor-widget-divider\" data-id=\"4b95dcf\" data-element_type=\"widget\" data-widget_type=\"divider.default\">\n\t\t\t\t\t\t\t<div class=\"elementor-divider\">\n\t\t\t<span class=\"elementor-divider-separator\">\n\t\t\t\t\t\t<\/span>\n\t\t<\/div>\n\t\t\t\t\t\t<\/div>\n\t\t\t\t<div class=\"elementor-element elementor-element-8425c35 elementor-widget elementor-widget-text-editor\" data-id=\"8425c35\" data-element_type=\"widget\" data-widget_type=\"text-editor.default\">\n\t\t\t\t\t\t\t\t\t<p>SEP to do\u015bwiadczone biuro architektoniczno-in\u017cynieryjne, kt\u00f3re z powodzeniem dzia\u0142a na \u0141otwie i w Stanach Zjednoczonych od 1972 roku.<br \/>na rynkach mi\u0119dzynarodowych. Z ponad 60 wysokimi<br \/>Firma SEP oferuje wykwalifikowanym in\u017cynierom, projektantom i architektom pe\u0142en zakres us\u0142ug w zakresie projektowania i in\u017cynierii obiekt\u00f3w in\u017cynieryjnych i przemys\u0142owych.<\/p>\t\t\t\t\t\t\t\t<\/div>\n\t\t\t\t<\/div>\n\t\t<div class=\"elementor-element elementor-element-3e0e689 e-con-full e-flex e-con e-child\" data-id=\"3e0e689\" data-element_type=\"container\">\n\t\t\t\t<div class=\"elementor-element elementor-element-c6875b8 elementor-widget elementor-widget-image\" data-id=\"c6875b8\" data-element_type=\"widget\" data-widget_type=\"image.default\">\n\t\t\t\t\t\t\t\t\t\t\t\t\t\t\t<img fetchpriority=\"high\" decoding=\"async\" width=\"800\" height=\"534\" src=\"https:\/\/www.sep.lv\/wp-content\/uploads\/2025\/05\/DSC_9710-1024x683.jpg\" class=\"attachment-large size-large wp-image-4630\" alt=\"\" srcset=\"https:\/\/www.sep.lv\/wp-content\/uploads\/2025\/05\/DSC_9710-1024x683.jpg 1024w, https:\/\/www.sep.lv\/wp-content\/uploads\/2025\/05\/DSC_9710-300x200.jpg 300w, https:\/\/www.sep.lv\/wp-content\/uploads\/2025\/05\/DSC_9710-768x512.jpg 768w, https:\/\/www.sep.lv\/wp-content\/uploads\/2025\/05\/DSC_9710-1536x1024.jpg 1536w, https:\/\/www.sep.lv\/wp-content\/uploads\/2025\/05\/DSC_9710-18x12.jpg 18w, https:\/\/www.sep.lv\/wp-content\/uploads\/2025\/05\/DSC_9710-24x16.jpg 24w, https:\/\/www.sep.lv\/wp-content\/uploads\/2025\/05\/DSC_9710-36x24.jpg 36w, https:\/\/www.sep.lv\/wp-content\/uploads\/2025\/05\/DSC_9710-48x32.jpg 48w, https:\/\/www.sep.lv\/wp-content\/uploads\/2025\/05\/DSC_9710.jpg 1600w\" sizes=\"(max-width: 800px) 100vw, 800px\" \/>\t\t\t\t\t\t\t\t\t\t\t\t\t\t\t<\/div>\n\t\t\t\t<\/div>\n\t\t\t\t\t<\/div>\n\t\t\t\t<\/div>\n\t\t<div class=\"elementor-element elementor-element-6d5f120 e-flex e-con-boxed e-con e-parent\" data-id=\"6d5f120\" data-element_type=\"container\" data-settings=\"{&quot;background_background&quot;:&quot;classic&quot;}\">\n\t\t\t\t\t<div class=\"e-con-inner\">\n\t\t<div class=\"elementor-element elementor-element-7ef5c5f e-con-full e-flex e-con e-child\" data-id=\"7ef5c5f\" data-element_type=\"container\">\n\t\t\t\t<div class=\"elementor-element elementor-element-96faae1 elementor-widget-divider--view-line elementor-widget elementor-widget-divider\" data-id=\"96faae1\" data-element_type=\"widget\" data-widget_type=\"divider.default\">\n\t\t\t\t\t\t\t<div class=\"elementor-divider\">\n\t\t\t<span class=\"elementor-divider-separator\">\n\t\t\t\t\t\t<\/span>\n\t\t<\/div>\n\t\t\t\t\t\t<\/div>\n\t\t\t\t<div class=\"elementor-element elementor-element-cc0300a elementor-widget elementor-widget-text-editor\" data-id=\"cc0300a\" data-element_type=\"widget\" data-widget_type=\"text-editor.default\">\n\t\t\t\t\t\t\t\t\t<p>Nasze do\u015bwiadczenie obejmuje szeroki wachlarz sektor\u00f3w \u2013 od projektowania biogazowni i biometanu, przez elektrownie j\u0105drowe, sieci energetyczne, zak\u0142ady przemys\u0142owe, po z\u0142o\u017cone obiekty infrastrukturalne. Silny zesp\u00f3\u0142 SEP \u0142\u0105czy wieloletnie do\u015bwiadczenie z najnowocze\u015bniejszymi technologiami projektowymi, w tym BIM (Building Management).<br \/>Modelowanie informacji), kt\u00f3re zapewnia wysok\u0105 dok\u0142adno\u015b\u0107, efektywn\u0105 wsp\u00f3\u0142prac\u0119 i optymalne rozwi\u0105zania dla klient\u00f3w.<\/p>\t\t\t\t\t\t\t\t<\/div>\n\t\t\t\t<\/div>\n\t\t<div class=\"elementor-element elementor-element-94de865 e-con-full e-flex e-con e-child\" data-id=\"94de865\" data-element_type=\"container\">\n\t\t\t\t<div class=\"elementor-element elementor-element-a0763ce elementor-widget elementor-widget-image\" data-id=\"a0763ce\" data-element_type=\"widget\" data-widget_type=\"image.default\">\n\t\t\t\t\t\t\t\t\t\t\t\t\t\t\t<img decoding=\"async\" width=\"800\" height=\"450\" src=\"https:\/\/www.sep.lv\/wp-content\/uploads\/2025\/06\/Viz2-1-1024x576.jpg\" class=\"attachment-large size-large wp-image-4529\" alt=\"\" srcset=\"https:\/\/www.sep.lv\/wp-content\/uploads\/2025\/06\/Viz2-1-1024x576.jpg 1024w, https:\/\/www.sep.lv\/wp-content\/uploads\/2025\/06\/Viz2-1-300x169.jpg 300w, https:\/\/www.sep.lv\/wp-content\/uploads\/2025\/06\/Viz2-1-768x432.jpg 768w, https:\/\/www.sep.lv\/wp-content\/uploads\/2025\/06\/Viz2-1-1536x864.jpg 1536w, https:\/\/www.sep.lv\/wp-content\/uploads\/2025\/06\/Viz2-1-2048x1152.jpg 2048w, https:\/\/www.sep.lv\/wp-content\/uploads\/2025\/06\/Viz2-1-18x10.jpg 18w, https:\/\/www.sep.lv\/wp-content\/uploads\/2025\/06\/Viz2-1-24x14.jpg 24w, https:\/\/www.sep.lv\/wp-content\/uploads\/2025\/06\/Viz2-1-36x20.jpg 36w, https:\/\/www.sep.lv\/wp-content\/uploads\/2025\/06\/Viz2-1-48x27.jpg 48w\" sizes=\"(max-width: 800px) 100vw, 800px\" \/>\t\t\t\t\t\t\t\t\t\t\t\t\t\t\t<\/div>\n\t\t\t\t<\/div>\n\t\t\t\t\t<\/div>\n\t\t\t\t<\/div>\n\t\t<div class=\"elementor-element elementor-element-1041957 e-flex e-con-boxed e-con e-parent\" data-id=\"1041957\" data-element_type=\"container\" data-settings=\"{&quot;background_background&quot;:&quot;classic&quot;}\">\n\t\t\t\t\t<div class=\"e-con-inner\">\n\t\t<div class=\"elementor-element elementor-element-8a2500c e-con-full e-flex e-con e-child\" data-id=\"8a2500c\" data-element_type=\"container\">\n\t\t\t\t<div class=\"elementor-element elementor-element-9df8e00 elementor-widget-divider--view-line elementor-widget elementor-widget-divider\" data-id=\"9df8e00\" data-element_type=\"widget\" data-widget_type=\"divider.default\">\n\t\t\t\t\t\t\t<div class=\"elementor-divider\">\n\t\t\t<span class=\"elementor-divider-separator\">\n\t\t\t\t\t\t<\/span>\n\t\t<\/div>\n\t\t\t\t\t\t<\/div>\n\t\t\t\t<div class=\"elementor-element elementor-element-b7a03f4 elementor-widget elementor-widget-text-editor\" data-id=\"b7a03f4\" data-element_type=\"widget\" data-widget_type=\"text-editor.default\">\n\t\t\t\t\t\t\t\t\t<p>Bazuj\u0105c na dziesi\u0119cioleciach zgromadzonej wiedzy i udanych realizacjach projekt\u00f3w w r\u00f3\u017cnych krajach, SEP jest wiarygodnym partnerem w projektach rozwojowych zar\u00f3wno w sektorze publicznym, jak i prywatnym. Naszym celem jest tworzenie bezpiecznych, wydajnych i zr\u00f3wnowa\u017conych obiekt\u00f3w in\u017cynierii l\u0105dowej i wodnej, kt\u00f3re spe\u0142niaj\u0105 potrzeby zar\u00f3wno dzi\u015b, jak i w przysz\u0142o\u015bci.<\/p>\t\t\t\t\t\t\t\t<\/div>\n\t\t\t\t<\/div>\n\t\t<div class=\"elementor-element elementor-element-468632d e-con-full e-flex e-con e-child\" data-id=\"468632d\" data-element_type=\"container\">\n\t\t\t\t<div class=\"elementor-element elementor-element-ebc1786 elementor-widget elementor-widget-image\" data-id=\"ebc1786\" data-element_type=\"widget\" data-widget_type=\"image.default\">\n\t\t\t\t\t\t\t\t\t\t\t\t\t\t\t<img decoding=\"async\" width=\"800\" height=\"532\" src=\"https:\/\/www.sep.lv\/wp-content\/uploads\/2022\/09\/EBO-1247-1024x681.jpg\" class=\"attachment-large size-large wp-image-4471\" alt=\"\" srcset=\"https:\/\/www.sep.lv\/wp-content\/uploads\/2022\/09\/EBO-1247-1024x681.jpg 1024w, https:\/\/www.sep.lv\/wp-content\/uploads\/2022\/09\/EBO-1247-300x200.jpg 300w, https:\/\/www.sep.lv\/wp-content\/uploads\/2022\/09\/EBO-1247-768x511.jpg 768w, https:\/\/www.sep.lv\/wp-content\/uploads\/2022\/09\/EBO-1247-1536x1022.jpg 1536w, https:\/\/www.sep.lv\/wp-content\/uploads\/2022\/09\/EBO-1247-2048x1363.jpg 2048w, https:\/\/www.sep.lv\/wp-content\/uploads\/2022\/09\/EBO-1247-18x12.jpg 18w, https:\/\/www.sep.lv\/wp-content\/uploads\/2022\/09\/EBO-1247-24x16.jpg 24w, https:\/\/www.sep.lv\/wp-content\/uploads\/2022\/09\/EBO-1247-36x24.jpg 36w, https:\/\/www.sep.lv\/wp-content\/uploads\/2022\/09\/EBO-1247-48x32.jpg 48w\" sizes=\"(max-width: 800px) 100vw, 800px\" \/>\t\t\t\t\t\t\t\t\t\t\t\t\t\t\t<\/div>\n\t\t\t\t<\/div>\n\t\t\t\t\t<\/div>\n\t\t\t\t<\/div>\n\t\t\t\t<\/div>","protected":false},"excerpt":{"rendered":"<p>SEP to do\u015bwiadczone biuro architektoniczno-in\u017cynierskie, kt\u00f3re z powodzeniem dzia\u0142a na rynku \u0142otewskim i mi\u0119dzynarodowym od 1972 roku. Z ponad 60 wysoko wykwalifikowanymi in\u017cynierami, projektantami i architektami, SEP oferuje pe\u0142en zakres us\u0142ug w zakresie projektowania i in\u017cynierii obiekt\u00f3w in\u017cynieryjnych i przemys\u0142owych. Nasze do\u015bwiadczenie obejmuje szeroki wachlarz bran\u017c \u2013 od projektowania biogazowni i biometanowni, po elektrownie j\u0105drowe, energetyk\u0119 [\u2026]<\/p>","protected":false},"author":1,"featured_media":4615,"parent":0,"menu_order":0,"comment_status":"closed","ping_status":"closed","template":"","meta":{"_acf_changed":false,"footnotes":""},"class_list":["post-4716","page","type-page","status-publish","has-post-thumbnail","hentry"],"acf":[],"_links":{"self":[{"href":"https:\/\/www.sep.lv\/pl\/wp-json\/wp\/v2\/pages\/4716","targetHints":{"allow":["GET"]}}],"collection":[{"href":"https:\/\/www.sep.lv\/pl\/wp-json\/wp\/v2\/pages"}],"about":[{"href":"https:\/\/www.sep.lv\/pl\/wp-json\/wp\/v2\/types\/page"}],"author":[{"embeddable":true,"href":"https:\/\/www.sep.lv\/pl\/wp-json\/wp\/v2\/users\/1"}],"replies":[{"embeddable":true,"href":"https:\/\/www.sep.lv\/pl\/wp-json\/wp\/v2\/comments?post=4716"}],"version-history":[{"count":0,"href":"https:\/\/www.sep.lv\/pl\/wp-json\/wp\/v2\/pages\/4716\/revisions"}],"wp:featuredmedia":[{"embeddable":true,"href":"https:\/\/www.sep.lv\/pl\/wp-json\/wp\/v2\/media\/4615"}],"wp:attachment":[{"href":"https:\/\/www.sep.lv\/pl\/wp-json\/wp\/v2\/media?parent=4716"}],"curies":[{"name":"wp","href":"https:\/\/api.w.org\/{rel}","templated":true}]}}