{"id":91,"date":"2023-05-25T05:45:05","date_gmt":"2023-05-25T05:45:05","guid":{"rendered":"http:\/\/is-valters-pudans"},"modified":"2025-02-12T15:56:26","modified_gmt":"2025-02-12T15:56:26","slug":"polityka-prywatnosci","status":"publish","type":"page","link":"https:\/\/www.sep.lv\/pl\/polityka-prywatnosci\/","title":{"rendered":"Polityka prywatno\u015bci"},"content":{"rendered":"<div data-elementor-type=\"wp-page\" data-elementor-id=\"91\" class=\"elementor elementor-91\" data-elementor-post-type=\"page\">\n\t\t\t\t\t\t<section class=\"elementor-section elementor-top-section elementor-element elementor-element-13f4965b elementor-section-boxed elementor-section-height-default elementor-section-height-default\" data-id=\"13f4965b\" data-element_type=\"section\">\n\t\t\t\t\t\t<div class=\"elementor-container elementor-column-gap-default\">\n\t\t\t\t\t<div class=\"elementor-column elementor-col-100 elementor-top-column elementor-element elementor-element-1a0c337\" data-id=\"1a0c337\" data-element_type=\"column\">\n\t\t\t<div class=\"elementor-widget-wrap elementor-element-populated\">\n\t\t\t\t\t\t<div class=\"elementor-element elementor-element-445da9b elementor-widget elementor-widget-heading\" data-id=\"445da9b\" data-element_type=\"widget\" data-widget_type=\"heading.default\">\n\t\t\t\t\t<h1 class=\"elementor-heading-title elementor-size-default\">Polityka prywatno\u015bci<\/h1>\t\t\t\t<\/div>\n\t\t\t\t<div class=\"elementor-element elementor-element-94c412e elementor-widget-divider--view-line elementor-widget elementor-widget-divider\" data-id=\"94c412e\" data-element_type=\"widget\" data-widget_type=\"divider.default\">\n\t\t\t\t\t\t\t<div class=\"elementor-divider\">\n\t\t\t<span class=\"elementor-divider-separator\">\n\t\t\t\t\t\t<\/span>\n\t\t<\/div>\n\t\t\t\t\t\t<\/div>\n\t\t\t\t<div class=\"elementor-element elementor-element-50f47ead elementor-widget elementor-widget-text-editor\" data-id=\"50f47ead\" data-element_type=\"widget\" data-widget_type=\"text-editor.default\">\n\t\t\t\t\t\t\t\t\t\n<p>Niniejsza polityka prywatno\u015bci informuje o praktykach dotycz\u0105cych prywatno\u015bci i zasadach przetwarzania danych osobowych w odniesieniu do A\/S <strong>WRZ<\/strong> strona internetowa i us\u0142ugi. Aby skontaktowa\u0107 si\u0119 z nami w sprawie przetwarzania danych, prosimy o wys\u0142anie wiadomo\u015bci e-mail na adres <strong>info@sep.lv<\/strong><\/p>\n\n<p><strong>Jakie informacje otrzymujemy?<\/strong><\/p>\n\n<p>Gromadzimy dane osobowe, kt\u00f3re dobrowolnie nam przekazujesz za po\u015brednictwem poczty elektronicznej, wype\u0142niaj\u0105c kwestionariusze internetowe i poprzez inne formy bezpo\u015bredniej komunikacji z Tob\u0105.<\/p>\n\n<p>Sk\u0142adaj\u0105c zam\u00f3wienie, musisz poda\u0107 swoje imi\u0119 i nazwisko, dane kontaktowe, adres wysy\u0142ki i wszelkie inne informacje, kt\u00f3re chcesz poda\u0107.<\/p>\n\n<p><strong>W jaki spos\u00f3b wykorzystujemy gromadzone przez nas dane osobowe?<\/strong><\/p>\n\n<p>Gromadzone przez nas dane osobowe mo\u017cemy wykorzystywa\u0107,  aby:<\/p>\n\n<ul class=\"wp-block-list\">\n<li>dostarcza\u0107 Ci \u017c\u0105dane przez Ciebie us\u0142ugi i informacje,<\/li>\n\n<li>przetwarza\u0107 Twoje zam\u00f3wienia i przygotowywa\u0107 niezb\u0119dne dokumenty,<\/li>\n\n<li>zapewni\u0107 Pa\u0144stwu skuteczn\u0105 obs\u0142ug\u0119 klienta,<\/li>\n\n<li>pom\u00f3c zapobiega\u0107 zagro\u017ceniom lub dzia\u0142aniom oszuka\u0144czym,<\/li>\n\n<li>wysy\u0142a\u0107 Ci wiadomo\u015bci informacyjne, je\u015bli wyra\u017anie wyrazi\u0142e\u015b zgod\u0119 na ich otrzymywanie,<\/li>\n\n<li>spe\u0142nia\u0107 wymogi akt\u00f3w prawnych,<\/li>\n<\/ul>\n\n<p>Mo\u017cemy udost\u0119pnia\u0107 Twoje dane osobom trzecim w celu wype\u0142nienia wymog\u00f3w prawnych, wsp\u00f3\u0142pracy z organami nadzoru, zapobiegania dzia\u0142alno\u015bci przest\u0119pczej i ochrony naszych, Twoich i innych praw.<\/p>\n\n<p><strong>W jaki spos\u00f3b chronimy dane osobowe?<\/strong><\/p>\n\n<p>W celu ochrony Twoich danych osobowych stosujemy r\u00f3\u017cne \u015brodki bezpiecze\u0144stwa techniczne i organizacyjne. Twoje dane osobowe s\u0105 dost\u0119pne wy\u0142\u0105cznie dla ograniczonej liczby os\u00f3b, upowa\u017cnionych do tego celu.<\/p>\n\n<p><strong>Jak d\u0142ugo przechowujemy dane osobowe?<\/strong><\/p>\n\n<p>Przechowujemy Twoje dane osobowe tak d\u0142ugo, jak jest to niezb\u0119dne do osi\u0105gni\u0119cia celu, w jakim zosta\u0142y zebrane, oraz zgodnie z wymogami obowi\u0105zuj\u0105cych przepis\u00f3w prawa.<\/p>\n\n<p><strong>Jak u\u017cywamy plik\u00f3w cookie?<\/strong><\/p>\n\n<p>Pliki cookie to ma\u0142e pliki tekstowe, kt\u00f3re odwiedzane przez Ciebie witryny internetowe zapisuj\u0105 na Twoim komputerze. S\u0142u\u017c\u0105 one zapewnieniu prawid\u0142owego dzia\u0142ania witryny, a tak\u017ce udost\u0119pnianiu informacji w\u0142a\u015bcicielom witryny.<\/p>\n\n<p>Ta strona internetowa mo\u017ce ustawi\u0107 nast\u0119puj\u0105ce pliki cookie:<\/p>\n\n<ul class=\"wp-block-list\">\n<li><strong>Pliki cookie funkcjonalne.<\/strong>\u00a0Te pliki cookie s\u0105 niezb\u0119dne do poruszania si\u0119 po witrynie i korzystania z jej funkcji. Bez tych plik\u00f3w cookie nie mogliby\u015bmy \u015bwiadczy\u0107 \u017c\u0105danych przez Ciebie us\u0142ug, np. funkcji koszyka zakupowego.<\/li>\n\n<li><strong>Pliki cookie Google Analytics.<\/strong>\u00a0Pliki cookie s\u0142u\u017c\u0105 do zbierania statystyk dotycz\u0105cych odwiedzin naszej witryny internetowej. Wykorzystujemy te informacje w celu udoskonalenia dzia\u0142ania witryny i dzia\u0142a\u0144 promocyjnych.<\/li>\n\n<li><strong>Pliki cookie s\u0142u\u017c\u0105ce do kierowania reklam.<\/strong>\u00a0Tego rodzaju pliki cookie s\u0142u\u017c\u0105 do zwi\u0119kszania skuteczno\u015bci reklam i wy\u015bwietlania reklam, kt\u00f3re najprawdopodobniej Ci\u0119 zainteresuj\u0105.<\/li>\n\n<li><strong>Pliki cookie dostawc\u00f3w us\u0142ug zewn\u0119trznych.<\/strong>\u00a0Pliki cookie mog\u0105 by\u0107 ustawiane przez nast\u0119puj\u0105ce us\u0142ugi stron trzecich u\u017cywane na tej stronie internetowej: przycisk \u201eLubi\u0119 to\u201d na Facebooku, filmy z serwisu YouTube. Niekt\u00f3re z tych plik\u00f3w cookie mog\u0105 by\u0107 u\u017cywane do \u015bledzenia Twojej aktywno\u015bci na innych stronach internetowych. Nie mamy nad nimi kontroli, poniewa\u017c pliki te nie s\u0105 ustawiane przez nasz\u0105 stron\u0119 internetow\u0105.<\/li>\n<\/ul>\n\n<p><strong>Jak zrezygnowa\u0107 z plik\u00f3w cookie?<\/strong><\/p>\n\n<p>Aby zrezygnowa\u0107 z otrzymywania plik\u00f3w cookie, mo\u017cesz skorzysta\u0107 z trybu przegl\u0105dania prywatnego udost\u0119pnianego przez wi\u0119kszo\u015b\u0107 przegl\u0105darek (okno prywatne, okno incognito lub okno Prywatnie)\u00a0<em>Prywatnie<\/em>\u00a0okno). Wszystkie pliki cookie utworzone w trybie przegl\u0105dania prywatnego s\u0105 usuwane po zamkni\u0119ciu wszystkich okien przegl\u0105darki. Ponadto mo\u017cesz dokona\u0107 wyboru plik\u00f3w cookie, kt\u00f3re chcesz udost\u0119pni\u0107 \u2013 na przyk\u0142ad przy pierwszym otwarciu witryny lub klikaj\u0105c ikon\u0119 \u201epliki cookie\u201d w lewym dolnym rogu strony.<\/p>\n\n<p>Aby zrezygnowa\u0107 ze zbierania i wykorzystywania informacji do kierowania reklam, mo\u017cesz skorzysta\u0107 z bezp\u0142atnego narz\u0119dzia\u00a0<a href=\"https:\/\/www.youronlinechoices.com\/\" target=\"_blank\" rel=\"noreferrer noopener nofollow\">Twoje wybory online<\/a>\u00a0lub\u00a0<a href=\"http:\/\/www.aboutads.info\/\" target=\"_blank\" rel=\"noreferrer noopener nofollow\">TwojeWyboryReklamowe<\/a>.<\/p>\n\n<p><strong>Twoje prawa dotycz\u0105ce Twoich danych osobowych<\/strong><\/p>\n\n<p>Je\u017celi jeste\u015b osob\u0105, kt\u00f3rej dane dotycz\u0105, zgodnie z art.\u00a0<a href=\"https:\/\/ec.europa.eu\/info\/law\/law-topic\/data-protection_lv\" target=\"_blank\" rel=\"noreferrer noopener nofollow\">RODO UE<\/a>\u00a0(na przyk\u0142ad, je\u015bli jeste\u015b obywatelem UE i przekazujesz nam swoje dane osobowe), przys\u0142uguj\u0105 Ci nast\u0119puj\u0105ce prawa w odniesieniu do Twoich danych osobowych:<\/p>\n\n<ul class=\"wp-block-list\">\n<li><strong>Prawo dost\u0119pu do informacji.<\/strong>\u00a0Masz prawo otrzyma\u0107 informacj\u0119 o tym, dlaczego i w jaki spos\u00f3b przetwarzane s\u0105 Twoje dane osobowe. Masz prawo otrzyma\u0107 bezp\u0142atnie kopi\u0119 swoich danych osobowych, kt\u00f3re przechowujemy, w powszechnie u\u017cywanym formacie elektronicznym.<\/li>\n\n<li><strong>Prawo do poprawiania.<\/strong>\u00a0Masz prawo do niezw\u0142ocznego sprostowania lub uzupe\u0142nienia nieprawid\u0142owych lub niekompletnych danych osobowych.<\/li>\n\n<li><strong>Prawo do bycia zapomnianym.<\/strong>\u00a0Masz prawo do cofni\u0119cia zgody na przetwarzanie danych osobowych i \u017c\u0105dania ich usuni\u0119cia bez zb\u0119dnej zw\u0142oki, gdy tylko przestan\u0105 by\u0107 potrzebne do \u015bwiadczenia \u017c\u0105danych przez Ciebie us\u0142ug lub do wype\u0142nienia wymog\u00f3w regulacyjnych.<\/li>\n\n<li><strong>Prawo do ograniczenia przetwarzania.<\/strong>\u00a0Masz prawo do uzyskania ograniczenia przetwarzania Twoich danych osobowych, je\u017celi wniesiesz sprzeciw i nie b\u0119dziemy mieli uzasadnionych podstaw do kontynuowania przetwarzania, je\u017celi kwestionujesz prawid\u0142owo\u015b\u0107 danych, je\u017celi przetwarzanie jest niezgodne z prawem lub je\u017celi potrzebujesz ustalenia, dochodzenia lub obrony roszcze\u0144 prawnych.<\/li>\n\n<li><strong>Prawo do sprzeciwu.<\/strong>\u00a0Masz prawo w dowolnym momencie wnie\u015b\u0107 sprzeciw wobec przetwarzania Twoich danych, chyba \u017ce jest to konieczne do wykonania zadania realizowanego w interesie publicznym lub istnieje nadrz\u0119dna prawnie uzasadniona podstawa przetwarzania.<\/li>\n\n<li><strong>Inne prawa wynikaj\u0105ce z RODO.<\/strong>\u00a0Wi\u0119cej informacji znajdziesz na stronie\u00a0<a href=\"https:\/\/ec.europa.eu\/info\/law\/law-topic\/data-protection\/reform\/rights-citizens_lv\" target=\"_blank\" rel=\"noreferrer noopener nofollow\">Strona internetowa UE dotycz\u0105ca ochrony danych<\/a>.<\/li>\n<\/ul>\n\t\t\t\t\t\t\t\t<\/div>\n\t\t\t\t\t<\/div>\n\t\t<\/div>\n\t\t\t\t\t<\/div>\n\t\t<\/section>\n\t\t\t\t<\/div>","protected":false},"excerpt":{"rendered":"<p>Polityka prywatno\u015bci Niniejsza polityka prywatno\u015bci informuje o praktykach prywatno\u015bci i zasadach przetwarzania danych osobowych w odniesieniu do witryny internetowej i us\u0142ug A\/S SEP. Aby skontaktowa\u0107 si\u0119 z nami w sprawie przetwarzania danych, napisz wiadomo\u015b\u0107 e-mail na adres info@sep.lv Jakie informacje zbieramy? Gromadzimy dane osobowe, kt\u00f3re dobrowolnie przekazujesz nam za po\u015brednictwem poczty e-mail, wype\u0142niaj\u0105c internetowe kwestionariusze [\u2026]<\/p>","protected":false},"author":1,"featured_media":0,"parent":0,"menu_order":0,"comment_status":"closed","ping_status":"closed","template":"","meta":{"_acf_changed":false,"footnotes":""},"class_list":["post-91","page","type-page","status-publish","hentry"],"acf":[],"_links":{"self":[{"href":"https:\/\/www.sep.lv\/pl\/wp-json\/wp\/v2\/pages\/91","targetHints":{"allow":["GET"]}}],"collection":[{"href":"https:\/\/www.sep.lv\/pl\/wp-json\/wp\/v2\/pages"}],"about":[{"href":"https:\/\/www.sep.lv\/pl\/wp-json\/wp\/v2\/types\/page"}],"author":[{"embeddable":true,"href":"https:\/\/www.sep.lv\/pl\/wp-json\/wp\/v2\/users\/1"}],"replies":[{"embeddable":true,"href":"https:\/\/www.sep.lv\/pl\/wp-json\/wp\/v2\/comments?post=91"}],"version-history":[{"count":0,"href":"https:\/\/www.sep.lv\/pl\/wp-json\/wp\/v2\/pages\/91\/revisions"}],"wp:attachment":[{"href":"https:\/\/www.sep.lv\/pl\/wp-json\/wp\/v2\/media?parent=91"}],"curies":[{"name":"wp","href":"https:\/\/api.w.org\/{rel}","templated":true}]}}