{"id":160,"date":"2023-05-25T05:50:49","date_gmt":"2023-05-25T05:50:49","guid":{"rendered":"https:\/\/www.sep.lv\/kontakti-2\/"},"modified":"2025-10-31T08:58:11","modified_gmt":"2025-10-31T08:58:11","slug":"kontakty","status":"publish","type":"page","link":"https:\/\/www.sep.lv\/uk\/kontakty\/","title":{"rendered":"\u041a\u043e\u043d\u0442\u0430\u043a\u0442\u0438"},"content":{"rendered":"<div data-elementor-type=\"wp-page\" data-elementor-id=\"160\" class=\"elementor elementor-160\" data-elementor-post-type=\"page\">\n\t\t\t\t<div class=\"elementor-element elementor-element-6d717bd e-flex e-con-boxed e-con e-parent\" data-id=\"6d717bd\" data-element_type=\"container\" data-settings=\"{&quot;background_background&quot;:&quot;classic&quot;,&quot;shape_divider_bottom&quot;:&quot;triangle-asymmetrical&quot;}\">\n\t\t\t\t\t<div class=\"e-con-inner\">\n\t\t\t\t<div class=\"elementor-shape elementor-shape-bottom\" aria-hidden=\"true\" data-negative=\"false\">\n\t\t\t<svg xmlns=\"http:\/\/www.w3.org\/2000\/svg\" viewbox=\"0 0 1000 100\" preserveaspectratio=\"none\">\n\t<path class=\"elementor-shape-fill\" d=\"M738,99l262-93V0H0v5.6L738,99z\"\/>\n<\/svg>\t\t<\/div>\n\t\t\t\t<div class=\"elementor-element elementor-element-5c8fbe00 elementor-widget elementor-widget-heading\" data-id=\"5c8fbe00\" data-element_type=\"widget\" data-widget_type=\"heading.default\">\n\t\t\t\t\t<h1 class=\"elementor-heading-title elementor-size-default\">\u041a\u043e\u043d\u0442\u0430\u043a\u0442\u0438<\/h1>\t\t\t\t<\/div>\n\t\t\t\t<div class=\"elementor-element elementor-element-6ab25c01 elementor-widget-divider--view-line elementor-widget elementor-widget-divider\" data-id=\"6ab25c01\" data-element_type=\"widget\" data-widget_type=\"divider.default\">\n\t\t\t\t\t\t\t<div class=\"elementor-divider\">\n\t\t\t<span class=\"elementor-divider-separator\">\n\t\t\t\t\t\t<\/span>\n\t\t<\/div>\n\t\t\t\t\t\t<\/div>\n\t\t\t\t<div class=\"elementor-element elementor-element-30e949a5 elementor-widget elementor-widget-heading\" data-id=\"30e949a5\" data-element_type=\"widget\" data-widget_type=\"heading.default\">\n\t\t\t\t\t<h6 class=\"elementor-heading-title elementor-size-default\">\u0417\u0432\u0435\u0440\u0442\u0430\u0439\u0442\u0435\u0441\u044f \u0434\u043e \u043d\u0430\u0441 \u2013 \u043c\u0438 \u0442\u0443\u0442, \u0449\u043e\u0431 \u0434\u043e\u043f\u043e\u043c\u043e\u0433\u0442\u0438!<\/h6>\t\t\t\t<\/div>\n\t\t\t\t\t<\/div>\n\t\t\t\t<\/div>\n\t\t<div class=\"elementor-element elementor-element-b107289 e-flex e-con-boxed e-con e-parent\" data-id=\"b107289\" data-element_type=\"container\">\n\t\t\t\t\t<div class=\"e-con-inner\">\n\t\t\t\t<div class=\"elementor-element elementor-element-8e1ac2f elementor-widget__width-auto elementor-widget elementor-widget-heading\" data-id=\"8e1ac2f\" data-element_type=\"widget\" data-widget_type=\"heading.default\">\n\t\t\t\t\t<h2 class=\"elementor-heading-title elementor-size-default\">\u0417\u0430\u043f\u0438\u0442 \u043d\u0430 \u043a\u043e\u043d\u0441\u0443\u043b\u044c\u0442\u0430\u0446\u0456\u044e<\/h2>\t\t\t\t<\/div>\n\t\t\t\t<div class=\"elementor-element elementor-element-e12c77b elementor-widget-divider--view-line elementor-widget elementor-widget-divider\" data-id=\"e12c77b\" data-element_type=\"widget\" data-widget_type=\"divider.default\">\n\t\t\t\t\t\t\t<div class=\"elementor-divider\">\n\t\t\t<span class=\"elementor-divider-separator\">\n\t\t\t\t\t\t<\/span>\n\t\t<\/div>\n\t\t\t\t\t\t<\/div>\n\t\t\t\t<div class=\"elementor-element elementor-element-0c8b07c elementor-widget__width-inherit elementor-button-align-stretch elementor-widget elementor-widget-global elementor-global-4980 elementor-widget-form\" data-id=\"0c8b07c\" data-element_type=\"widget\" data-settings=\"{&quot;button_width&quot;:&quot;20&quot;,&quot;step_next_label&quot;:&quot;Next&quot;,&quot;step_previous_label&quot;:&quot;Previous&quot;,&quot;step_type&quot;:&quot;number_text&quot;,&quot;step_icon_shape&quot;:&quot;circle&quot;}\" data-widget_type=\"form.default\">\n\t\t\t\t\t\t\t<form class=\"elementor-form\" method=\"post\" name=\"S\u0101kumlapas formas\" aria-label=\"\u0424\u043e\u0440\u043c\u0438 \u0433\u043e\u043b\u043e\u0432\u043d\u043e\u0457 \u0441\u0442\u043e\u0440\u0456\u043d\u043a\u0438\" action=\"\">\n\t\t\t<input type=\"hidden\" name=\"post_id\" value=\"160\"\/>\n\t\t\t<input type=\"hidden\" name=\"form_id\" value=\"0c8b07c\"\/>\n\t\t\t<input type=\"hidden\" name=\"referer_title\" value=\"\" \/>\n\n\t\t\t\n\t\t\t<div class=\"elementor-form-fields-wrapper elementor-labels-\">\n\t\t\t\t\t\t\t\t<div class=\"elementor-field-type-text elementor-field-group elementor-column elementor-field-group-name elementor-col-50 elementor-field-required\">\n\t\t\t\t\t\t\t\t\t\t\t\t<label for=\"form-field-name\" class=\"elementor-field-label elementor-screen-only\">\n\t\t\t\t\t\t\t\t\u0406\u043c&#039;\u044f \u0442\u0430 \u043f\u0440\u0456\u0437\u0432\u0438\u0449\u0435\t\t\t\t\t\t\t<\/label>\n\t\t\t\t\t\t\t\t\t\t\t\t\t\t<input size=\"1\" type=\"text\" name=\"form_fields[name]\" id=\"form-field-name\" class=\"elementor-field elementor-size-sm  elementor-field-textual\" placeholder=\"\u0406\u043c&#039;\u044f \u0442\u0430 \u043f\u0440\u0456\u0437\u0432\u0438\u0449\u0435\" required=\"required\">\n\t\t\t\t\t\t\t\t\t\t\t<\/div>\n\t\t\t\t\t\t\t\t<div class=\"elementor-field-type-text elementor-field-group elementor-column elementor-field-group-field_ecd032f elementor-col-50\">\n\t\t\t\t\t\t\t\t\t\t\t\t<label for=\"form-field-field_ecd032f\" class=\"elementor-field-label elementor-screen-only\">\n\t\t\t\t\t\t\t\t\u041a\u043e\u043c\u043f\u0430\u043d\u0456\u044f\t\t\t\t\t\t\t<\/label>\n\t\t\t\t\t\t\t\t\t\t\t\t\t\t<input size=\"1\" type=\"text\" name=\"form_fields[field_ecd032f]\" id=\"form-field-field_ecd032f\" class=\"elementor-field elementor-size-sm  elementor-field-textual\" placeholder=\"\u041a\u043e\u043c\u043f\u0430\u043d\u0456\u044f\">\n\t\t\t\t\t\t\t\t\t\t\t<\/div>\n\t\t\t\t\t\t\t\t<div class=\"elementor-field-type-tel elementor-field-group elementor-column elementor-field-group-field_61ae77d elementor-col-50\">\n\t\t\t\t\t\t\t\t\t\t\t\t<label for=\"form-field-field_61ae77d\" class=\"elementor-field-label elementor-screen-only\">\n\t\t\t\t\t\t\t\t\u043d\u043e\u043c\u0435\u0440 \u0442\u0435\u043b\u0435\u0444\u043e\u043d\u0443\t\t\t\t\t\t\t<\/label>\n\t\t\t\t\t\t\t\t<input size=\"1\" type=\"tel\" name=\"form_fields[field_61ae77d]\" id=\"form-field-field_61ae77d\" class=\"elementor-field elementor-size-sm  elementor-field-textual\" placeholder=\"\u043d\u043e\u043c\u0435\u0440 \u0442\u0435\u043b\u0435\u0444\u043e\u043d\u0443\" pattern=\"[0-9()#&amp;+*-=.]+\" title=\"\u041f\u0440\u0438\u0439\u043c\u0430\u044e\u0442\u044c\u0441\u044f \u043b\u0438\u0448\u0435 \u0442\u0435\u043b\u0435\u0444\u043e\u043d\u043d\u0456 \u043d\u043e\u043c\u0435\u0440\u0438 \u0442\u0430 \u0441\u0438\u043c\u0432\u043e\u043b\u0438 (#, -, * \u0442\u043e\u0449\u043e).\">\n\n\t\t\t\t\t\t<\/div>\n\t\t\t\t\t\t\t\t<div class=\"elementor-field-type-email elementor-field-group elementor-column elementor-field-group-email elementor-col-50 elementor-field-required\">\n\t\t\t\t\t\t\t\t\t\t\t\t<label for=\"form-field-email\" class=\"elementor-field-label elementor-screen-only\">\n\t\t\t\t\t\t\t\t\u0415\u043b\u0435\u043a\u0442\u0440\u043e\u043d\u043d\u0430 \u043f\u043e\u0448\u0442\u0430\t\t\t\t\t\t\t<\/label>\n\t\t\t\t\t\t\t\t\t\t\t\t\t\t<input size=\"1\" type=\"email\" name=\"form_fields[email]\" id=\"form-field-email\" class=\"elementor-field elementor-size-sm  elementor-field-textual\" placeholder=\"\u0415\u043b\u0435\u043a\u0442\u0440\u043e\u043d\u043d\u0430 \u043f\u043e\u0448\u0442\u0430\" required=\"required\">\n\t\t\t\t\t\t\t\t\t\t\t<\/div>\n\t\t\t\t\t\t\t\t<div class=\"elementor-field-type-textarea elementor-field-group elementor-column elementor-field-group-message elementor-col-100\">\n\t\t\t\t\t\t\t\t\t\t\t\t<label for=\"form-field-message\" class=\"elementor-field-label elementor-screen-only\">\n\t\t\t\t\t\t\t\t\u0412\u0430\u0448\u0435 \u043f\u043e\u0432\u0456\u0434\u043e\u043c\u043b\u0435\u043d\u043d\u044f\t\t\t\t\t\t\t<\/label>\n\t\t\t\t\t\t<textarea class=\"elementor-field-textual elementor-field  elementor-size-sm\" name=\"form_fields[message]\" id=\"form-field-message\" rows=\"2\" placeholder=\"\u0412\u0430\u0448\u0435 \u043f\u043e\u0432\u0456\u0434\u043e\u043c\u043b\u0435\u043d\u043d\u044f\"><\/textarea>\t\t\t\t<\/div>\n\t\t\t\t\t\t\t\t<div class=\"elementor-field-type-acceptance elementor-field-group elementor-column elementor-field-group-field_0c58ad0 elementor-col-100 elementor-field-required\">\n\t\t\t\t\t\t\t\t\t\t\t\t<label for=\"form-field-field_0c58ad0\" class=\"elementor-field-label elementor-screen-only\">\n\t\t\t\t\t\t\t\tGDPR \/ \u041f\u043e\u043b\u0456\u0442\u0438\u043a\u0430 \u043a\u043e\u043d\u0444\u0456\u0434\u0435\u043d\u0446\u0456\u0439\u043d\u043e\u0441\u0442\u0456\t\t\t\t\t\t\t<\/label>\n\t\t\t\t\t\t\t\t<div class=\"elementor-field-subgroup\">\n\t\t\t<span class=\"elementor-field-option\">\n\t\t\t\t<input type=\"checkbox\" name=\"form_fields[field_0c58ad0]\" id=\"form-field-field_0c58ad0\" class=\"elementor-field elementor-size-sm  elementor-acceptance-field\" required=\"required\">\n\t\t\t\t<label for=\"form-field-field_0c58ad0\">\u042f \u043f\u0440\u043e\u0447\u0438\u0442\u0430\u0432(-\u043b\u0430) \u0442\u0430 \u043f\u043e\u0433\u043e\u0434\u0436\u0443\u044e\u0441\u044f \u0437 \u0443\u043c\u043e\u0432\u0430\u043c\u0438 \u0432\u0435\u0431-\u0441\u0430\u0439\u0442\u0443  <a href=\"https:\/\/www.sep.lv\/uk\/polityka-konfidentsiinosti\/\" target=\"_blank\">\u043f\u043e\u043b\u0456\u0442\u0438\u043a\u0430 \u043a\u043e\u043d\u0444\u0456\u0434\u0435\u043d\u0446\u0456\u0439\u043d\u043e\u0441\u0442\u0456<\/a>\n<\/label>\t\t\t<\/span>\n\t\t<\/div>\n\t\t\t\t\t\t<\/div>\n\t\t\t\t\t\t\t\t<div class=\"elementor-field-type-recaptcha_v3 elementor-field-group elementor-column elementor-field-group-field_f8c9e9e elementor-col-100 recaptcha_v3-bottomright\">\n\t\t\t\t\t<div class=\"elementor-field\" id=\"form-field-field_f8c9e9e\"><div class=\"elementor-g-recaptcha\" data-sitekey=\"6LdkXy8qAAAAAH6dRgreO9w3AJsVvMUGccUcKhCN\" data-type=\"v3\" data-action=\"Form\" data-badge=\"bottomright\" data-size=\"invisible\"><\/div><\/div>\t\t\t\t<\/div>\n\t\t\t\t\t\t\t\t<div class=\"elementor-field-group elementor-column elementor-field-type-submit elementor-col-20 e-form__buttons\">\n\t\t\t\t\t<button class=\"elementor-button elementor-size-sm\" type=\"submit\">\n\t\t\t\t\t\t<span class=\"elementor-button-content-wrapper\">\n\t\t\t\t\t\t\t\t\t\t\t\t\t\t\t\t\t\t\t\t\t\t<span class=\"elementor-button-text\">\u041d\u0430\u0434\u0456\u0441\u043b\u0430\u0442\u0438<\/span>\n\t\t\t\t\t\t\t\t\t\t\t\t\t<\/span>\n\t\t\t\t\t<\/button>\n\t\t\t\t<\/div>\n\t\t\t<\/div>\n\t\t<input type=\"hidden\" name=\"trp-form-language\" value=\"uk\"\/><\/form>\n\t\t\t\t\t\t<\/div>\n\t\t\t\t\t<\/div>\n\t\t\t\t<\/div>\n\t\t<div class=\"elementor-element elementor-element-3a471539 e-flex e-con-boxed e-con e-parent\" data-id=\"3a471539\" data-element_type=\"container\">\n\t\t\t\t\t<div class=\"e-con-inner\">\n\t\t<div class=\"elementor-element elementor-element-4d789a9b e-con-full e-flex e-con e-child\" data-id=\"4d789a9b\" data-element_type=\"container\">\n\t\t\t\t<div class=\"elementor-element elementor-element-431a3aab elementor-widget elementor-widget-google_maps\" data-id=\"431a3aab\" data-element_type=\"widget\" data-widget_type=\"google_maps.default\">\n\t\t\t\t\t\t\t<div class=\"elementor-custom-embed\">\n\t\t\t<iframe loading=\"lazy\"\n\t\t\t\t\tsrc=\"https:\/\/maps.google.com\/maps?q=Kri%C5%A1j%C4%81%C5%86a%20barona%20iela%2098%2C%20r%C4%ABga%2C%20latvija&#038;t=m&#038;z=13&#038;output=embed&#038;iwloc=near\"\n\t\t\t\t\ttitle=\"Kri\u0161j\u0101\u0146a barona street 98, \u0420\u0438\u0433\u0430, \u041b\u0430\u0442\u0432\u0456\u044f\"\n\t\t\t\t\taria-label=\"Kri\u0161j\u0101\u0146a barona street 98, \u0420\u0438\u0433\u0430, \u041b\u0430\u0442\u0432\u0456\u044f\"\n\t\t\t><\/iframe>\n\t\t<\/div>\n\t\t\t\t\t\t<\/div>\n\t\t\t\t<\/div>\n\t\t<div class=\"elementor-element elementor-element-488dc609 e-con-full e-flex e-con e-child\" data-id=\"488dc609\" data-element_type=\"container\" data-settings=\"{&quot;background_background&quot;:&quot;classic&quot;}\">\n\t\t\t\t<div class=\"elementor-element elementor-element-67187aef elementor-widget elementor-widget-heading\" data-id=\"67187aef\" data-element_type=\"widget\" data-widget_type=\"heading.default\">\n\t\t\t\t\t<h3 class=\"elementor-heading-title elementor-size-default\">\u041d\u0410\u0428 \u041e\u0424\u0406\u0421<\/h3>\t\t\t\t<\/div>\n\t\t\t\t<div class=\"elementor-element elementor-element-5a870b92 elementor-widget-divider--view-line elementor-widget elementor-widget-divider\" data-id=\"5a870b92\" data-element_type=\"widget\" data-widget_type=\"divider.default\">\n\t\t\t\t\t\t\t<div class=\"elementor-divider\">\n\t\t\t<span class=\"elementor-divider-separator\">\n\t\t\t\t\t\t<\/span>\n\t\t<\/div>\n\t\t\t\t\t\t<\/div>\n\t\t\t\t<div class=\"elementor-element elementor-element-17ad4b2 elementor-widget elementor-widget-text-editor\" data-id=\"17ad4b2\" data-element_type=\"widget\" data-widget_type=\"text-editor.default\">\n\t\t\t\t\t\t\t\t\t<p><strong>\u0410\u0434\u0440\u0435\u0441\u0430<\/strong><br \/>\u0432\u0443\u043b\u0438\u0446\u044f \u041a\u0440.\u0411\u0430\u0440\u043e\u043d\u0430, 98, \u0420\u0438\u0433\u0430,<br \/>LV-1001, \u041b\u0430\u0442\u0432\u0456\u044f\u200b<\/p>\t\t\t\t\t\t\t\t<\/div>\n\t\t\t\t<div class=\"elementor-element elementor-element-c6d0739 elementor-widget elementor-widget-heading\" data-id=\"c6d0739\" data-element_type=\"widget\" data-widget_type=\"heading.default\">\n\t\t\t\t\t<h3 class=\"elementor-heading-title elementor-size-default\">\u041a\u043e\u043d\u0442\u0430\u043a\u0442\u0438<\/h3>\t\t\t\t<\/div>\n\t\t\t\t<div class=\"elementor-element elementor-element-5937745f elementor-widget-divider--view-line elementor-widget elementor-widget-divider\" data-id=\"5937745f\" data-element_type=\"widget\" data-widget_type=\"divider.default\">\n\t\t\t\t\t\t\t<div class=\"elementor-divider\">\n\t\t\t<span class=\"elementor-divider-separator\">\n\t\t\t\t\t\t<\/span>\n\t\t<\/div>\n\t\t\t\t\t\t<\/div>\n\t\t\t\t<div class=\"elementor-element elementor-element-78b8c450 elementor-widget elementor-widget-text-editor\" data-id=\"78b8c450\" data-element_type=\"widget\" data-widget_type=\"text-editor.default\">\n\t\t\t\t\t\t\t\t\t<p><b>\u041e\u0431\u0441\u043b\u0443\u0433\u043e\u0432\u0443\u0432\u0430\u043d\u043d\u044f \u043a\u043b\u0456\u0454\u043d\u0442\u0456\u0432<br \/><\/b><a href=\"\/uk\/\u0442\u0435\u043b\u0435\u0444\u043e\u043d: +37167273414\/\">+371 67273414<\/a><\/p><p><strong>\u0415\u043b\u0435\u043a\u0442\u0440\u043e\u043d\u043d\u0430 \u043f\u043e\u0448\u0442\u0430<\/strong><br \/><a href=\"mailto:info@sep.lv\">info@sep.lv<\/a><\/p>\t\t\t\t\t\t\t\t<\/div>\n\t\t\t\t<\/div>\n\t\t\t\t\t<\/div>\n\t\t\t\t<\/div>\n\t\t<div class=\"elementor-element elementor-element-2234f051 e-flex e-con-boxed e-con e-parent\" data-id=\"2234f051\" data-element_type=\"container\" data-settings=\"{&quot;background_background&quot;:&quot;classic&quot;}\">\n\t\t\t\t\t<div class=\"e-con-inner\">\n\t\t<div class=\"elementor-element elementor-element-65d88b0 e-con-full e-flex e-con e-child\" data-id=\"65d88b0\" data-element_type=\"container\">\n\t\t\t\t<div class=\"elementor-element elementor-element-4410926 elementor-widget elementor-widget-heading\" data-id=\"4410926\" data-element_type=\"widget\" data-widget_type=\"heading.default\">\n\t\t\t\t\t<h4 class=\"elementor-heading-title elementor-size-default\">\u0417 \u043f\u0438\u0442\u0430\u043d\u044c \u0441\u043f\u0456\u0432\u043f\u0440\u0430\u0446\u0456<\/h4>\t\t\t\t<\/div>\n\t\t\t\t<div class=\"elementor-element elementor-element-7b234a5 elementor-widget-divider--view-line elementor-widget elementor-widget-divider\" data-id=\"7b234a5\" data-element_type=\"widget\" data-widget_type=\"divider.default\">\n\t\t\t\t\t\t\t<div class=\"elementor-divider\">\n\t\t\t<span class=\"elementor-divider-separator\">\n\t\t\t\t\t\t<\/span>\n\t\t<\/div>\n\t\t\t\t\t\t<\/div>\n\t\t\t\t<div class=\"elementor-element elementor-element-f42aee5 elementor-widget-mobile__width-inherit elementor-widget elementor-widget-heading\" data-id=\"f42aee5\" data-element_type=\"widget\" data-widget_type=\"heading.default\">\n\t\t\t\t\t<h6 class=\"elementor-heading-title elementor-size-default\"><a href=\"\/uk\/\u0442\u0435\u043b\u0435\u0444\u043e\u043d: +37129394059\/\" rel=\"nofollow\">+371 29 394 059<\/a><\/h6>\t\t\t\t<\/div>\n\t\t\t\t<\/div>\n\t\t<div class=\"elementor-element elementor-element-d8b7ae8 e-con-full elementor-hidden-mobile e-flex e-con e-child\" data-id=\"d8b7ae8\" data-element_type=\"container\" data-settings=\"{&quot;background_background&quot;:&quot;classic&quot;}\">\n\t\t\t\t<div class=\"elementor-element elementor-element-ba10146 elementor-widget elementor-widget-heading\" data-id=\"ba10146\" data-element_type=\"widget\" data-widget_type=\"heading.default\">\n\t\t\t\t\t<h4 class=\"elementor-heading-title elementor-size-default\">\u041e\u043b\u0435\u0433 \u0423\u043c\u0430\u043d\u0441\u043a\u0456\u0441<\/h4>\t\t\t\t<\/div>\n\t\t\t\t<div class=\"elementor-element elementor-element-a054b85 elementor-widget-divider--view-line elementor-widget elementor-widget-divider\" data-id=\"a054b85\" data-element_type=\"widget\" data-widget_type=\"divider.default\">\n\t\t\t\t\t\t\t<div class=\"elementor-divider\">\n\t\t\t<span class=\"elementor-divider-separator\">\n\t\t\t\t\t\t<\/span>\n\t\t<\/div>\n\t\t\t\t\t\t<\/div>\n\t\t\t\t<div class=\"elementor-element elementor-element-8c7b4a3 elementor-widget elementor-widget-heading\" data-id=\"8c7b4a3\" data-element_type=\"widget\" data-widget_type=\"heading.default\">\n\t\t\t\t\t<h6 class=\"elementor-heading-title elementor-size-default\">\u041a\u043e\u043c\u0435\u0440\u0446\u0456\u0439\u043d\u0438\u0439 \u0434\u0438\u0440\u0435\u043a\u0442\u043e\u0440<\/h6>\t\t\t\t<\/div>\n\t\t\t\t<div class=\"elementor-element elementor-element-322631a elementor-hidden-desktop elementor-hidden-laptop elementor-widget elementor-widget-heading\" data-id=\"322631a\" data-element_type=\"widget\" data-widget_type=\"heading.default\">\n\t\t\t\t\t<h6 class=\"elementor-heading-title elementor-size-default\"><a href=\"\/uk\/\u0442\u0435\u043b\u0435\u0444\u043e\u043d: +37129394059\/\" rel=\"nofollow\">+371 29 394 059<\/a><\/h6>\t\t\t\t<\/div>\n\t\t\t\t<div class=\"elementor-element elementor-element-d9376a6 elementor-hidden-desktop elementor-hidden-laptop elementor-widget elementor-widget-heading\" data-id=\"d9376a6\" data-element_type=\"widget\" data-widget_type=\"heading.default\">\n\t\t\t\t\t<h6 class=\"elementor-heading-title elementor-size-default\"><a href=\"mailto:umanskis@sep.lv\" rel=\"nofollow\">umanskis@sep.lv<\/a><\/h6>\t\t\t\t<\/div>\n\t\t\t\t<div class=\"elementor-element elementor-element-9bf7e24 elementor-widget elementor-widget-heading\" data-id=\"9bf7e24\" data-element_type=\"widget\" data-widget_type=\"heading.default\">\n\t\t\t\t\t<h6 class=\"elementor-heading-title elementor-size-default\">umanskis@sep.lv<\/h6>\t\t\t\t<\/div>\n\t\t\t\t<\/div>\n\t\t<div class=\"elementor-element elementor-element-c82c037 e-con-full e-flex e-con e-child\" data-id=\"c82c037\" data-element_type=\"container\" data-settings=\"{&quot;background_background&quot;:&quot;classic&quot;}\">\n\t\t\t\t<div class=\"elementor-element elementor-element-7e54523f elementor-widget elementor-widget-image\" data-id=\"7e54523f\" data-element_type=\"widget\" data-widget_type=\"image.default\">\n\t\t\t\t\t\t\t\t\t\t\t\t\t\t\t<img fetchpriority=\"high\" decoding=\"async\" width=\"800\" height=\"800\" src=\"https:\/\/www.sep.lv\/wp-content\/uploads\/2023\/05\/sep-siltumelektroprojekts-komanda-inzenieri-buvinzenieri-7-e1684486006694-1024x1024.jpg\" class=\"attachment-large size-large wp-image-65\" alt=\"sep-thermal electric project-team-engineers-buvinzenieri-7-e1684486006694.jpg\" srcset=\"https:\/\/www.sep.lv\/wp-content\/uploads\/2023\/05\/sep-siltumelektroprojekts-komanda-inzenieri-buvinzenieri-7-e1684486006694-1024x1024.jpg 1024w, https:\/\/www.sep.lv\/wp-content\/uploads\/2023\/05\/sep-siltumelektroprojekts-komanda-inzenieri-buvinzenieri-7-e1684486006694-300x300.jpg 300w, https:\/\/www.sep.lv\/wp-content\/uploads\/2023\/05\/sep-siltumelektroprojekts-komanda-inzenieri-buvinzenieri-7-e1684486006694-150x150.jpg 150w, https:\/\/www.sep.lv\/wp-content\/uploads\/2023\/05\/sep-siltumelektroprojekts-komanda-inzenieri-buvinzenieri-7-e1684486006694-768x768.jpg 768w, https:\/\/www.sep.lv\/wp-content\/uploads\/2023\/05\/sep-siltumelektroprojekts-komanda-inzenieri-buvinzenieri-7-e1684486006694.jpg 1200w\" sizes=\"(max-width: 800px) 100vw, 800px\" \/>\t\t\t\t\t\t\t\t\t\t\t\t\t\t\t<\/div>\n\t\t<div class=\"elementor-element elementor-element-b84a63d e-con-full elementor-hidden-desktop elementor-hidden-laptop elementor-hidden-tablet e-flex e-con e-child\" data-id=\"b84a63d\" data-element_type=\"container\" data-settings=\"{&quot;background_background&quot;:&quot;classic&quot;}\">\n\t\t\t\t<div class=\"elementor-element elementor-element-9419423 elementor-widget-mobile__width-inherit elementor-widget elementor-widget-heading\" data-id=\"9419423\" data-element_type=\"widget\" data-widget_type=\"heading.default\">\n\t\t\t\t\t<h4 class=\"elementor-heading-title elementor-size-default\">\u041e\u043b\u0435\u0433 \u0423\u043c\u0430\u043d\u0441\u043a\u0456\u0441<\/h4>\t\t\t\t<\/div>\n\t\t\t\t<div class=\"elementor-element elementor-element-80ae1d5 elementor-widget-divider--view-line elementor-widget elementor-widget-divider\" data-id=\"80ae1d5\" data-element_type=\"widget\" data-widget_type=\"divider.default\">\n\t\t\t\t\t\t\t<div class=\"elementor-divider\">\n\t\t\t<span class=\"elementor-divider-separator\">\n\t\t\t\t\t\t<\/span>\n\t\t<\/div>\n\t\t\t\t\t\t<\/div>\n\t\t\t\t<div class=\"elementor-element elementor-element-a3eb787 elementor-widget-mobile__width-inherit elementor-widget elementor-widget-heading\" data-id=\"a3eb787\" data-element_type=\"widget\" data-widget_type=\"heading.default\">\n\t\t\t\t\t<h6 class=\"elementor-heading-title elementor-size-default\">\u041a\u043e\u043c\u0435\u0440\u0446\u0456\u0439\u043d\u0438\u0439 \u0434\u0438\u0440\u0435\u043a\u0442\u043e\u0440<\/h6>\t\t\t\t<\/div>\n\t\t\t\t<\/div>\n\t\t\t\t<\/div>\n\t\t\t\t\t<\/div>\n\t\t\t\t<\/div>\n\t\t\t\t<\/div>","protected":false},"excerpt":{"rendered":"<p>\u041a\u043e\u043d\u0442\u0430\u043a\u0442\u0438 \u0417\u0432&#039;\u044f\u0436\u0456\u0442\u044c\u0441\u044f \u0437 \u043d\u0430\u043c\u0438 \u2013 \u043c\u0438 \u0442\u0443\u0442, \u0449\u043e\u0431 \u0434\u043e\u043f\u043e\u043c\u043e\u0433\u0442\u0438! \u0417\u0430\u043c\u043e\u0432\u0438\u0442\u0438 \u043a\u043e\u043d\u0441\u0443\u043b\u044c\u0442\u0430\u0446\u0456\u044e \u041d\u0430\u0448 \u043e\u0444\u0456\u0441 \u0410\u0434\u0440\u0435\u0441\u0430: \u0432\u0443\u043b. \u041a\u0440. \u0411\u0430\u0440\u043e\u043d\u0430, 98, \u0420\u0438\u0433\u0430, LV-1001, \u041b\u0430\u0442\u0432\u0456\u044f\u200b \u041a\u043e\u043d\u0442\u0430\u043a\u0442\u0438 \u0421\u043b\u0443\u0436\u0431\u0430 \u043f\u0456\u0434\u0442\u0440\u0438\u043c\u043a\u0438 \u043a\u043b\u0456\u0454\u043d\u0442\u0456\u0432+371 67273414 \u0415\u043b. \u043f\u043e\u0448\u0442\u0430: info@sep.lv \u0417 \u043f\u0438\u0442\u0430\u043d\u044c \u0441\u043f\u0456\u0432\u043f\u0440\u0430\u0446\u0456 +371 29 394 059 \u041e\u043b\u0435\u0433 \u0423\u043c\u0430\u043d\u0441\u043a\u0456\u0441\u200b \u041a\u043e\u043c\u0435\u0440\u0446\u0456\u0439\u043d\u0438\u0439 \u0434\u0438\u0440\u0435\u043a\u0442\u043e\u0440 +371 29 394 059 umanskis@sep.lv umanskis@sep.lv \u041e\u043b\u0435\u0433 \u0423\u043c\u0430\u043d\u0441\u043a\u0456\u0441\u200b \u041a\u043e\u043c\u0435\u0440\u0446\u0456\u0439\u043d\u0438\u0439 \u0434\u0438\u0440\u0435\u043a\u0442\u043e\u0440<\/p>","protected":false},"author":1,"featured_media":0,"parent":0,"menu_order":0,"comment_status":"closed","ping_status":"closed","template":"","meta":{"_acf_changed":false,"footnotes":""},"class_list":["post-160","page","type-page","status-publish","hentry"],"acf":[],"_links":{"self":[{"href":"https:\/\/www.sep.lv\/uk\/wp-json\/wp\/v2\/pages\/160","targetHints":{"allow":["GET"]}}],"collection":[{"href":"https:\/\/www.sep.lv\/uk\/wp-json\/wp\/v2\/pages"}],"about":[{"href":"https:\/\/www.sep.lv\/uk\/wp-json\/wp\/v2\/types\/page"}],"author":[{"embeddable":true,"href":"https:\/\/www.sep.lv\/uk\/wp-json\/wp\/v2\/users\/1"}],"replies":[{"embeddable":true,"href":"https:\/\/www.sep.lv\/uk\/wp-json\/wp\/v2\/comments?post=160"}],"version-history":[{"count":0,"href":"https:\/\/www.sep.lv\/uk\/wp-json\/wp\/v2\/pages\/160\/revisions"}],"wp:attachment":[{"href":"https:\/\/www.sep.lv\/uk\/wp-json\/wp\/v2\/media?parent=160"}],"curies":[{"name":"wp","href":"https:\/\/api.w.org\/{rel}","templated":true}]}}